{"id":3223,"date":"2016-10-28T22:18:39","date_gmt":"2016-10-28T22:18:39","guid":{"rendered":"http:\/\/www.tvportugal.tv\/portal\/?page_id=3223"},"modified":"2016-10-28T22:26:21","modified_gmt":"2016-10-28T22:26:21","slug":"mapa-do-site-tv-portugal-website","status":"publish","type":"page","link":"https:\/\/www.tvportugal.tv\/portal\/mapa-do-site-tv-portugal-website\/","title":{"rendered":"Mapa do Site Tv Portugal website"},"content":{"rendered":"","protected":false},"excerpt":{"rendered":"","protected":false},"author":1,"featured_media":0,"parent":0,"menu_order":0,"comment_status":"closed","ping_status":"closed","template":"template-archives.php","meta":{"footnotes":""},"class_list":["post-3223","page","type-page","status-publish","hentry"],"yoast_head":"<!-- This site is optimized with the Yoast SEO plugin v27.4 - https:\/\/yoast.com\/product\/yoast-seo-wordpress\/ -->\n<title>Tv Portugal - Videos, Arquivos, Mapa do Site, Jornalista Ant\u00f3nio Assun\u00e7\u00e3o<\/title>\n<meta name=\"description\" content=\"Tv Portugal - Videos, Arquivos, Paginas, Categorias, Artigos recentes\" \/>\n<meta name=\"robots\" content=\"index, follow, max-snippet:-1, max-image-preview:large, max-video-preview:-1\" \/>\n<link rel=\"canonical\" href=\"https:\/\/www.tvportugal.tv\/portal\/mapa-do-site-tv-portugal-website\/\" \/>\n<meta property=\"og:locale\" content=\"pt_PT\" \/>\n<meta property=\"og:type\" content=\"article\" \/>\n<meta property=\"og:title\" content=\"Tv Portugal - Videos, Arquivos, Mapa do Site, Jornalista Ant\u00f3nio Assun\u00e7\u00e3o\" \/>\n<meta property=\"og:description\" content=\"Tv Portugal - Videos, Arquivos, Paginas, Categorias, Artigos recentes\" \/>\n<meta property=\"og:url\" content=\"https:\/\/www.tvportugal.tv\/portal\/mapa-do-site-tv-portugal-website\/\" \/>\n<meta property=\"og:site_name\" content=\"TV Portugal - Televis\u00e3o - Cascais - Sintra - Oeiras - Lisboa - Noticias\" \/>\n<meta property=\"article:modified_time\" content=\"2016-10-28T22:26:21+00:00\" \/>\n<meta name=\"twitter:card\" content=\"summary_large_image\" \/>\n<script type=\"application\/ld+json\" class=\"yoast-schema-graph\">{\"@context\":\"https:\\\/\\\/schema.org\",\"@graph\":[{\"@type\":\"WebPage\",\"@id\":\"https:\\\/\\\/www.tvportugal.tv\\\/portal\\\/mapa-do-site-tv-portugal-website\\\/\",\"url\":\"https:\\\/\\\/www.tvportugal.tv\\\/portal\\\/mapa-do-site-tv-portugal-website\\\/\",\"name\":\"Tv Portugal - Videos, Arquivos, Mapa do Site, Jornalista Ant\u00f3nio Assun\u00e7\u00e3o\",\"isPartOf\":{\"@id\":\"https:\\\/\\\/www.tvportugal.tv\\\/portal\\\/#website\"},\"datePublished\":\"2016-10-28T22:18:39+00:00\",\"dateModified\":\"2016-10-28T22:26:21+00:00\",\"description\":\"Tv Portugal - Videos, Arquivos, Paginas, Categorias, Artigos recentes\",\"breadcrumb\":{\"@id\":\"https:\\\/\\\/www.tvportugal.tv\\\/portal\\\/mapa-do-site-tv-portugal-website\\\/#breadcrumb\"},\"inLanguage\":\"pt-PT\",\"potentialAction\":[{\"@type\":\"ReadAction\",\"target\":[\"https:\\\/\\\/www.tvportugal.tv\\\/portal\\\/mapa-do-site-tv-portugal-website\\\/\"]}]},{\"@type\":\"BreadcrumbList\",\"@id\":\"https:\\\/\\\/www.tvportugal.tv\\\/portal\\\/mapa-do-site-tv-portugal-website\\\/#breadcrumb\",\"itemListElement\":[{\"@type\":\"ListItem\",\"position\":1,\"name\":\"In\u00edcio\",\"item\":\"https:\\\/\\\/www.tvportugal.tv\\\/portal\\\/\"},{\"@type\":\"ListItem\",\"position\":2,\"name\":\"Mapa do Site Tv Portugal website\"}]},{\"@type\":\"WebSite\",\"@id\":\"https:\\\/\\\/www.tvportugal.tv\\\/portal\\\/#website\",\"url\":\"https:\\\/\\\/www.tvportugal.tv\\\/portal\\\/\",\"name\":\"TV Portugal - Televis\u00e3o - Cascais - Sintra - Oeiras - Lisboa - Noticias\",\"description\":\"Televis\u00e3o Cascais, Televis\u00e3o Estoril, Tv Web com produ\u00e7\u00e3o pr\u00f3pria da Regi\u00e3o de Lisboa, Televis\u00e3o On-line, Noticias de Cascais, Noticias de Sintra, Noticias de Lisboa, Videos, Reportagen\",\"potentialAction\":[{\"@type\":\"SearchAction\",\"target\":{\"@type\":\"EntryPoint\",\"urlTemplate\":\"https:\\\/\\\/www.tvportugal.tv\\\/portal\\\/?s={search_term_string}\"},\"query-input\":{\"@type\":\"PropertyValueSpecification\",\"valueRequired\":true,\"valueName\":\"search_term_string\"}}],\"inLanguage\":\"pt-PT\"}]}<\/script>\n<!-- \/ Yoast SEO plugin. -->","yoast_head_json":{"title":"Tv Portugal - Videos, Arquivos, Mapa do Site, Jornalista Ant\u00f3nio Assun\u00e7\u00e3o","description":"Tv Portugal - Videos, Arquivos, Paginas, Categorias, Artigos recentes","robots":{"index":"index","follow":"follow","max-snippet":"max-snippet:-1","max-image-preview":"max-image-preview:large","max-video-preview":"max-video-preview:-1"},"canonical":"https:\/\/www.tvportugal.tv\/portal\/mapa-do-site-tv-portugal-website\/","og_locale":"pt_PT","og_type":"article","og_title":"Tv Portugal - Videos, Arquivos, Mapa do Site, Jornalista Ant\u00f3nio Assun\u00e7\u00e3o","og_description":"Tv Portugal - Videos, Arquivos, Paginas, Categorias, Artigos recentes","og_url":"https:\/\/www.tvportugal.tv\/portal\/mapa-do-site-tv-portugal-website\/","og_site_name":"TV Portugal - Televis\u00e3o - Cascais - Sintra - Oeiras - Lisboa - Noticias","article_modified_time":"2016-10-28T22:26:21+00:00","twitter_card":"summary_large_image","schema":{"@context":"https:\/\/schema.org","@graph":[{"@type":"WebPage","@id":"https:\/\/www.tvportugal.tv\/portal\/mapa-do-site-tv-portugal-website\/","url":"https:\/\/www.tvportugal.tv\/portal\/mapa-do-site-tv-portugal-website\/","name":"Tv Portugal - Videos, Arquivos, Mapa do Site, Jornalista Ant\u00f3nio Assun\u00e7\u00e3o","isPartOf":{"@id":"https:\/\/www.tvportugal.tv\/portal\/#website"},"datePublished":"2016-10-28T22:18:39+00:00","dateModified":"2016-10-28T22:26:21+00:00","description":"Tv Portugal - Videos, Arquivos, Paginas, Categorias, Artigos recentes","breadcrumb":{"@id":"https:\/\/www.tvportugal.tv\/portal\/mapa-do-site-tv-portugal-website\/#breadcrumb"},"inLanguage":"pt-PT","potentialAction":[{"@type":"ReadAction","target":["https:\/\/www.tvportugal.tv\/portal\/mapa-do-site-tv-portugal-website\/"]}]},{"@type":"BreadcrumbList","@id":"https:\/\/www.tvportugal.tv\/portal\/mapa-do-site-tv-portugal-website\/#breadcrumb","itemListElement":[{"@type":"ListItem","position":1,"name":"In\u00edcio","item":"https:\/\/www.tvportugal.tv\/portal\/"},{"@type":"ListItem","position":2,"name":"Mapa do Site Tv Portugal website"}]},{"@type":"WebSite","@id":"https:\/\/www.tvportugal.tv\/portal\/#website","url":"https:\/\/www.tvportugal.tv\/portal\/","name":"TV Portugal - Televis\u00e3o - Cascais - Sintra - Oeiras - Lisboa - Noticias","description":"Televis\u00e3o Cascais, Televis\u00e3o Estoril, Tv Web com produ\u00e7\u00e3o pr\u00f3pria da Regi\u00e3o de Lisboa, Televis\u00e3o On-line, Noticias de Cascais, Noticias de Sintra, Noticias de Lisboa, Videos, Reportagen","potentialAction":[{"@type":"SearchAction","target":{"@type":"EntryPoint","urlTemplate":"https:\/\/www.tvportugal.tv\/portal\/?s={search_term_string}"},"query-input":{"@type":"PropertyValueSpecification","valueRequired":true,"valueName":"search_term_string"}}],"inLanguage":"pt-PT"}]}},"_links":{"self":[{"href":"https:\/\/www.tvportugal.tv\/portal\/wp-json\/wp\/v2\/pages\/3223","targetHints":{"allow":["GET"]}}],"collection":[{"href":"https:\/\/www.tvportugal.tv\/portal\/wp-json\/wp\/v2\/pages"}],"about":[{"href":"https:\/\/www.tvportugal.tv\/portal\/wp-json\/wp\/v2\/types\/page"}],"author":[{"embeddable":true,"href":"https:\/\/www.tvportugal.tv\/portal\/wp-json\/wp\/v2\/users\/1"}],"replies":[{"embeddable":true,"href":"https:\/\/www.tvportugal.tv\/portal\/wp-json\/wp\/v2\/comments?post=3223"}],"version-history":[{"count":1,"href":"https:\/\/www.tvportugal.tv\/portal\/wp-json\/wp\/v2\/pages\/3223\/revisions"}],"predecessor-version":[{"id":3224,"href":"https:\/\/www.tvportugal.tv\/portal\/wp-json\/wp\/v2\/pages\/3223\/revisions\/3224"}],"wp:attachment":[{"href":"https:\/\/www.tvportugal.tv\/portal\/wp-json\/wp\/v2\/media?parent=3223"}],"curies":[{"name":"wp","href":"https:\/\/api.w.org\/{rel}","templated":true}]}}